{"id":49850,"date":"2021-04-27T20:19:20","date_gmt":"2021-04-27T20:19:20","guid":{"rendered":"https:\/\/tassignytravel.com\/?page_id=49850"},"modified":"2022-02-11T21:06:18","modified_gmt":"2022-02-11T21:06:18","slug":"art-advising","status":"publish","type":"page","link":"https:\/\/tassignytravel.com\/fr\/art-advising\/","title":{"rendered":"Art Advising"},"content":{"rendered":"<div class=\"fusion-fullwidth fullwidth-box fusion-builder-row-1 fusion-flex-container nonhundred-percent-fullwidth non-hundred-percent-height-scrolling\" style=\"--awb-border-radius-top-left:0px;--awb-border-radius-top-right:0px;--awb-border-radius-bottom-right:0px;--awb-border-radius-bottom-left:0px;--awb-flex-wrap:wrap;\" ><div class=\"fusion-builder-row fusion-row fusion-flex-align-items-flex-start fusion-flex-content-wrap\" style=\"max-width:1338.75px;margin-left: calc(-5% \/ 2 );margin-right: calc(-5% \/ 2 );\"><div class=\"fusion-layout-column fusion_builder_column fusion-builder-column-0 fusion_builder_column_1_1 1_1 fusion-flex-column\" style=\"--awb-bg-size:cover;--awb-width-large:100%;--awb-margin-top-large:0px;--awb-spacing-right-large:2.375%;--awb-margin-bottom-large:20px;--awb-spacing-left-large:2.375%;--awb-width-medium:100%;--awb-order-medium:0;--awb-spacing-right-medium:2.375%;--awb-spacing-left-medium:2.375%;--awb-width-small:100%;--awb-order-small:0;--awb-spacing-right-small:2.375%;--awb-spacing-left-small:2.375%;\"><div class=\"fusion-column-wrapper fusion-column-has-shadow fusion-flex-justify-content-flex-start fusion-content-layout-column\"><div class=\"fusion-title title fusion-title-1 fusion-sep-none fusion-title-center fusion-title-text fusion-title-size-two\" style=\"--awb-margin-top:0px;--awb-margin-bottom:5%;\"><h2 class=\"fusion-title-heading title-heading-center fusion-responsive-typography-calculated\" style=\"margin:0;--fontSize:30;--minFontSize:30;line-height:1.5;\">Nous sommes l\u00e0 pour aider et conseiller sur tout ce qui concerne le monde de l'art.<\/h2><\/div><div class=\"fusion-text fusion-text-1\"><p style=\"text-align: center;\"><em>La Maison Tassigny, c'est beaucoup de beaut\u00e9. En voyageant et en organisant des visites culturelles et artistiques, nous savons o\u00f9 trouver les choses. Quels artistes vendent o\u00f9, qui poss\u00e8de quoi. Nous avons vu de nombreuses maisons fantastiques dans des endroits uniques, nous avons c\u00f4toy\u00e9 beaucoup de beaut\u00e9, donc nous avons beaucoup d'id\u00e9es! Nous sommes heureux de vous conseiller sur tout ce qui concerne la d\u00e9coration, la cr\u00e9ation d'une collection d'art ou l'achat d'une \u0153uvre d'art ou d'un objet particulier.<\/em><\/p>\n<\/div><div class=\"fusion-separator fusion-full-width-sep\" style=\"align-self: center;margin-left: auto;margin-right: auto;margin-top:5%;width:100%;\"><\/div><div class=\"awb-gallery-wrapper awb-gallery-wrapper-1 button-span-no\"><div style=\"margin:-40px;--awb-bordersize:0px;\" class=\"fusion-gallery fusion-gallery-container fusion-grid-3 fusion-columns-total-3 fusion-gallery-layout-grid fusion-gallery-1\"><div style=\"padding:40px;\" class=\"fusion-grid-column fusion-gallery-column fusion-gallery-column-3 hover-type-none\"><div class=\"fusion-gallery-image\"><a href=\"https:\/\/tassignytravel.com\/wp-content\/uploads\/2022\/02\/Art-Advising-1a.jpg\" rel=\"noreferrer\" data-rel=\"iLightbox[gallery_image_1]\" class=\"fusion-lightbox\" target=\"_self\"><img decoding=\"async\" src=\"https:\/\/tassignytravel.com\/wp-content\/uploads\/2022\/02\/Art-Advising-1a.jpg\" width=\"900\" height=\"1200\" alt=\"\" title=\"Art Advising 1a\" aria-label=\"Art Advising 1a\" class=\"img-responsive wp-image-50176\" srcset=\"https:\/\/tassignytravel.com\/wp-content\/uploads\/2022\/02\/Art-Advising-1a-200x267.jpg 200w, https:\/\/tassignytravel.com\/wp-content\/uploads\/2022\/02\/Art-Advising-1a-400x533.jpg 400w, https:\/\/tassignytravel.com\/wp-content\/uploads\/2022\/02\/Art-Advising-1a-600x800.jpg 600w, https:\/\/tassignytravel.com\/wp-content\/uploads\/2022\/02\/Art-Advising-1a-800x1067.jpg 800w, https:\/\/tassignytravel.com\/wp-content\/uploads\/2022\/02\/Art-Advising-1a.jpg 900w\" sizes=\"(min-width: 2200px) 100vw, (min-width: 784px) 398px, (min-width: 712px) 598px, (min-width: 640px) 712px, \" \/><\/a><\/div><\/div><div style=\"padding:40px;\" class=\"fusion-grid-column fusion-gallery-column fusion-gallery-column-3 hover-type-none\"><div class=\"fusion-gallery-image\"><a href=\"https:\/\/tassignytravel.com\/wp-content\/uploads\/2022\/02\/Art-Advising-2a.jpg\" rel=\"noreferrer\" data-rel=\"iLightbox[gallery_image_1]\" class=\"fusion-lightbox\" target=\"_self\"><img decoding=\"async\" src=\"https:\/\/tassignytravel.com\/wp-content\/uploads\/2022\/02\/Art-Advising-2a.jpg\" width=\"900\" height=\"1200\" alt=\"\" title=\"Art Advising 2a\" aria-label=\"Art Advising 2a\" class=\"img-responsive wp-image-50177\" srcset=\"https:\/\/tassignytravel.com\/wp-content\/uploads\/2022\/02\/Art-Advising-2a-200x267.jpg 200w, https:\/\/tassignytravel.com\/wp-content\/uploads\/2022\/02\/Art-Advising-2a-400x533.jpg 400w, https:\/\/tassignytravel.com\/wp-content\/uploads\/2022\/02\/Art-Advising-2a-600x800.jpg 600w, https:\/\/tassignytravel.com\/wp-content\/uploads\/2022\/02\/Art-Advising-2a-800x1067.jpg 800w, https:\/\/tassignytravel.com\/wp-content\/uploads\/2022\/02\/Art-Advising-2a.jpg 900w\" sizes=\"(min-width: 2200px) 100vw, (min-width: 784px) 398px, (min-width: 712px) 598px, (min-width: 640px) 712px, \" \/><\/a><\/div><\/div><div style=\"padding:40px;\" class=\"fusion-grid-column fusion-gallery-column fusion-gallery-column-3 hover-type-none\"><div class=\"fusion-gallery-image\"><a href=\"https:\/\/tassignytravel.com\/wp-content\/uploads\/2022\/02\/Art-Advising-3a.jpg\" rel=\"noreferrer\" data-rel=\"iLightbox[gallery_image_1]\" class=\"fusion-lightbox\" target=\"_self\"><img decoding=\"async\" src=\"https:\/\/tassignytravel.com\/wp-content\/uploads\/2022\/02\/Art-Advising-3a.jpg\" width=\"900\" height=\"1200\" alt=\"\" title=\"Art Advising 3a\" aria-label=\"Art Advising 3a\" class=\"img-responsive wp-image-50178\" srcset=\"https:\/\/tassignytravel.com\/wp-content\/uploads\/2022\/02\/Art-Advising-3a-200x267.jpg 200w, https:\/\/tassignytravel.com\/wp-content\/uploads\/2022\/02\/Art-Advising-3a-400x533.jpg 400w, https:\/\/tassignytravel.com\/wp-content\/uploads\/2022\/02\/Art-Advising-3a-600x800.jpg 600w, https:\/\/tassignytravel.com\/wp-content\/uploads\/2022\/02\/Art-Advising-3a-800x1067.jpg 800w, https:\/\/tassignytravel.com\/wp-content\/uploads\/2022\/02\/Art-Advising-3a.jpg 900w\" sizes=\"(min-width: 2200px) 100vw, (min-width: 784px) 398px, (min-width: 712px) 598px, (min-width: 640px) 712px, \" \/><\/a><\/div><\/div><div class=\"clearfix\"><\/div><\/div><\/div><\/div><\/div><\/div><\/div>","protected":false},"excerpt":{"rendered":"","protected":false},"author":2,"featured_media":50000,"parent":0,"menu_order":0,"comment_status":"closed","ping_status":"closed","template":"","meta":{"footnotes":""},"class_list":["post-49850","page","type-page","status-publish","has-post-thumbnail","hentry"],"_links":{"self":[{"href":"https:\/\/tassignytravel.com\/fr\/wp-json\/wp\/v2\/pages\/49850"}],"collection":[{"href":"https:\/\/tassignytravel.com\/fr\/wp-json\/wp\/v2\/pages"}],"about":[{"href":"https:\/\/tassignytravel.com\/fr\/wp-json\/wp\/v2\/types\/page"}],"author":[{"embeddable":true,"href":"https:\/\/tassignytravel.com\/fr\/wp-json\/wp\/v2\/users\/2"}],"replies":[{"embeddable":true,"href":"https:\/\/tassignytravel.com\/fr\/wp-json\/wp\/v2\/comments?post=49850"}],"version-history":[{"count":0,"href":"https:\/\/tassignytravel.com\/fr\/wp-json\/wp\/v2\/pages\/49850\/revisions"}],"wp:featuredmedia":[{"embeddable":true,"href":"https:\/\/tassignytravel.com\/fr\/wp-json\/wp\/v2\/media\/50000"}],"wp:attachment":[{"href":"https:\/\/tassignytravel.com\/fr\/wp-json\/wp\/v2\/media?parent=49850"}],"curies":[{"name":"wp","href":"https:\/\/api.w.org\/{rel}","templated":true}]}}